{"id":480,"date":"2024-10-24T06:04:51","date_gmt":"2024-10-24T06:04:51","guid":{"rendered":"https:\/\/klatix.com\/?page_id=480"},"modified":"2024-10-24T06:04:52","modified_gmt":"2024-10-24T06:04:52","slug":"aviso-legal","status":"publish","type":"page","link":"https:\/\/klatix.com\/es_eu\/aviso-legal\/","title":{"rendered":"Aviso Legal"},"content":{"rendered":"<p>El contenido puesto a disposici\u00f3n en el sitio web <strong>klatix<\/strong> (<a href=\"https:\/\/klatix.com\/es_eu\/\">www.klatix.com<\/a>) es s\u00f3lo para fines informativos y educativos y no debe utilizarse como sustituto del asesoramiento profesional. Al acceder o utilizar nuestro sitio web, usted acepta los t\u00e9rminos a continuaci\u00f3n.<\/p>\n\n\n\n<h3 class=\"wp-block-heading\">1. <strong>Descargo de responsabilidad<\/strong><\/h3>\n\n\n\n<p>EL <strong>klatix<\/strong> se esfuerza por proporcionar informaci\u00f3n precisa y actualizada, pero no garantiza que el contenido est\u00e9 libre de errores o sea completo. El uso de la informaci\u00f3n contenida en el sitio web es su responsabilidad. No seremos responsables de ning\u00fan da\u00f1o o p\u00e9rdida que surja del uso o interpretaci\u00f3n de la informaci\u00f3n proporcionada.<\/p>\n\n\n\n<h3 class=\"wp-block-heading\">2. <strong>Propiedad intelectual<\/strong><\/h3>\n\n\n\n<p>Todo el contenido presente en <strong>klatix<\/strong>, incluidos textos, im\u00e1genes, gr\u00e1ficos, logotipos y otros materiales, est\u00e1 protegido por derechos de autor y pertenece al sitio web o sus licenciantes. El uso indebido de este contenido sin autorizaci\u00f3n previa por escrito est\u00e1 estrictamente prohibido.<\/p>\n\n\n\n<h3 class=\"wp-block-heading\">3. <strong>Enlaces externos<\/strong><\/h3>\n\n\n\n<p>Nuestro sitio web puede contener enlaces a sitios web de terceros. EL <strong>klatix<\/strong> no es responsable del contenido ni de la pol\u00edtica de privacidad practicada por estos sitios. Le recomendamos que al acceder a sitios web externos, revise los t\u00e9rminos y pol\u00edticas de cada uno de ellos.<\/p>\n\n\n\n<h3 class=\"wp-block-heading\">4. <strong>Cambios en el contenido<\/strong><\/h3>\n\n\n\n<p>EL <strong>klatix<\/strong> se reserva el derecho de modificar, eliminar o a\u00f1adir informaci\u00f3n al contenido del sitio web sin previo aviso. Alentamos a los usuarios a revisar este aviso peri\u00f3dicamente para estar al tanto de cualquier actualizaci\u00f3n.<\/p>\n\n\n\n<h3 class=\"wp-block-heading\">5. <strong>Mal uso<\/strong><\/h3>\n\n\n\n<p>Cualquier intento de manipular, violar la seguridad o hacer mal uso del sitio web. <strong>klatix<\/strong> ser\u00e1n tratados de acuerdo con las leyes aplicables y podr\u00e1n dar lugar a sanciones civiles o penales.<\/p>\n\n\n\n<h3 class=\"wp-block-heading\">6. <strong>Cont\u00e1ctanos<\/strong><\/h3>\n\n\n\n<p>Si tiene alguna pregunta o inquietud sobre este Aviso Legal, por favor cont\u00e1ctenos en: <a>suporte@klatix.com<\/a>.<\/p>\n\n\n\n<p>Este Aviso Legal fue actualizado por \u00faltima vez el 23\/10\/2024. Al continuar utilizando el sitio, usted acepta los t\u00e9rminos mencionados anteriormente.<\/p>","protected":false},"excerpt":{"rendered":"<p>O conte\u00fado disponibilizado no site Klatix (www.klatix.com) \u00e9 de car\u00e1ter informativo e educativo, n\u00e3o devendo ser utilizado como substituto para aconselhamento profissional. Ao acessar ou utilizar nosso site, voc\u00ea concorda com os termos abaixo. 1. Isen\u00e7\u00e3o de Responsabilidade A Klatix se esfor\u00e7a para fornecer informa\u00e7\u00f5es precisas e atualizadas, mas n\u00e3o garante que os conte\u00fados sejam [&hellip;]<\/p>\n","protected":false},"author":1,"featured_media":0,"parent":0,"menu_order":0,"comment_status":"closed","ping_status":"closed","template":"","meta":{"footnotes":""},"class_list":["post-480","page","type-page","status-publish"],"_links":{"self":[{"href":"https:\/\/klatix.com\/es_eu\/wp-json\/wp\/v2\/pages\/480","targetHints":{"allow":["GET"]}}],"collection":[{"href":"https:\/\/klatix.com\/es_eu\/wp-json\/wp\/v2\/pages"}],"about":[{"href":"https:\/\/klatix.com\/es_eu\/wp-json\/wp\/v2\/types\/page"}],"author":[{"embeddable":true,"href":"https:\/\/klatix.com\/es_eu\/wp-json\/wp\/v2\/users\/1"}],"replies":[{"embeddable":true,"href":"https:\/\/klatix.com\/es_eu\/wp-json\/wp\/v2\/comments?post=480"}],"version-history":[{"count":1,"href":"https:\/\/klatix.com\/es_eu\/wp-json\/wp\/v2\/pages\/480\/revisions"}],"predecessor-version":[{"id":481,"href":"https:\/\/klatix.com\/es_eu\/wp-json\/wp\/v2\/pages\/480\/revisions\/481"}],"wp:attachment":[{"href":"https:\/\/klatix.com\/es_eu\/wp-json\/wp\/v2\/media?parent=480"}],"curies":[{"name":"wp","href":"https:\/\/api.w.org\/{rel}","templated":true}]}}