{"id":480,"date":"2024-10-24T06:04:51","date_gmt":"2024-10-24T06:04:51","guid":{"rendered":"https:\/\/klatix.com\/?page_id=480"},"modified":"2024-10-24T06:04:52","modified_gmt":"2024-10-24T06:04:52","slug":"legal-notice","status":"publish","type":"page","link":"https:\/\/klatix.com\/en_gb\/aviso-legal\/","title":{"rendered":"Legal Notice"},"content":{"rendered":"<p>The content made available on the website <strong>Klatix<\/strong> (<a href=\"https:\/\/klatix.com\/en_gb\/\">www.klatix.com<\/a>) is for informational and educational purposes only and should not be used as a substitute for professional advice. By accessing or using our website, you agree to the terms below.<\/p>\n\n\n\n<h3 class=\"wp-block-heading\">1. <strong>Disclaimer<\/strong><\/h3>\n\n\n\n<p>THE <strong>Klatix<\/strong> strives to provide accurate and up-to-date information, but does not guarantee that the contents are error-free or complete. The use of the information contained on the website is at your own risk. We are not responsible for any damages or losses arising from the use or interpretation of the information provided.<\/p>\n\n\n\n<h3 class=\"wp-block-heading\">2. <strong>Intellectual Property<\/strong><\/h3>\n\n\n\n<p>All content present in <strong>Klatix<\/strong>, including text, images, graphics, logos and other materials, is protected by copyright and belongs to the website or its licensors. Misuse of this content without prior written permission is strictly prohibited.<\/p>\n\n\n\n<h3 class=\"wp-block-heading\">3. <strong>External Links<\/strong><\/h3>\n\n\n\n<p>Our website may contain links to third party websites. <strong>Klatix<\/strong> is not responsible for the content or privacy policy practiced by these sites. We recommend that, when accessing external sites, you review the terms and policies of each of them.<\/p>\n\n\n\n<h3 class=\"wp-block-heading\">4. <strong>Changes to Content<\/strong><\/h3>\n\n\n\n<p>THE <strong>Klatix<\/strong> reserves the right to modify, delete or add information to the website content without prior notice. We encourage users to revisit this notice regularly to be aware of any updates.<\/p>\n\n\n\n<h3 class=\"wp-block-heading\">5. <strong>Misuse<\/strong><\/h3>\n\n\n\n<p>Any attempt to manipulate, breach security or misuse the website <strong>Klatix<\/strong> will be treated in accordance with applicable laws and may result in civil or criminal penalties.<\/p>\n\n\n\n<h3 class=\"wp-block-heading\">6. <strong>Contact us<\/strong><\/h3>\n\n\n\n<p>If you have any questions or concerns about this Legal Notice, please contact us at: <a>suporte@klatix.com<\/a>.<\/p>\n\n\n\n<p>This Legal Notice was last updated on 23\/10\/2024. By continuing to use the website, you agree to the terms mentioned above.<\/p>","protected":false},"excerpt":{"rendered":"<p>O conte\u00fado disponibilizado no site Klatix (www.klatix.com) \u00e9 de car\u00e1ter informativo e educativo, n\u00e3o devendo ser utilizado como substituto para aconselhamento profissional. Ao acessar ou utilizar nosso site, voc\u00ea concorda com os termos abaixo. 1. Isen\u00e7\u00e3o de Responsabilidade A Klatix se esfor\u00e7a para fornecer informa\u00e7\u00f5es precisas e atualizadas, mas n\u00e3o garante que os conte\u00fados sejam [&hellip;]<\/p>\n","protected":false},"author":1,"featured_media":0,"parent":0,"menu_order":0,"comment_status":"closed","ping_status":"closed","template":"","meta":{"footnotes":""},"class_list":["post-480","page","type-page","status-publish"],"_links":{"self":[{"href":"https:\/\/klatix.com\/en_gb\/wp-json\/wp\/v2\/pages\/480","targetHints":{"allow":["GET"]}}],"collection":[{"href":"https:\/\/klatix.com\/en_gb\/wp-json\/wp\/v2\/pages"}],"about":[{"href":"https:\/\/klatix.com\/en_gb\/wp-json\/wp\/v2\/types\/page"}],"author":[{"embeddable":true,"href":"https:\/\/klatix.com\/en_gb\/wp-json\/wp\/v2\/users\/1"}],"replies":[{"embeddable":true,"href":"https:\/\/klatix.com\/en_gb\/wp-json\/wp\/v2\/comments?post=480"}],"version-history":[{"count":1,"href":"https:\/\/klatix.com\/en_gb\/wp-json\/wp\/v2\/pages\/480\/revisions"}],"predecessor-version":[{"id":481,"href":"https:\/\/klatix.com\/en_gb\/wp-json\/wp\/v2\/pages\/480\/revisions\/481"}],"wp:attachment":[{"href":"https:\/\/klatix.com\/en_gb\/wp-json\/wp\/v2\/media?parent=480"}],"curies":[{"name":"wp","href":"https:\/\/api.w.org\/{rel}","templated":true}]}}