{"id":456,"date":"2024-10-21T04:56:27","date_gmt":"2024-10-21T04:56:27","guid":{"rendered":"https:\/\/klatix.com\/?page_id=456"},"modified":"2024-10-21T04:56:28","modified_gmt":"2024-10-21T04:56:28","slug":"medical-disclaimer","status":"publish","type":"page","link":"https:\/\/klatix.com\/en_ca\/declaracao-de-isencao-de-responsabilidade-medica\/","title":{"rendered":"Medical Disclaimer"},"content":{"rendered":"<p>This content is for informational purposes only. It should not be used as a substitute for professional medical advice, diagnosis, or treatment. Please consult a physician or other qualified healthcare provider with any questions you may have regarding your medical condition or the use of medical devices or apps.<\/p>\n\n\n\n<p><strong>Limitation of Liability<\/strong><\/p>\n\n\n\n<p>The results provided by glucose monitoring applications may vary. The company is not responsible for any damage or consequences arising from the misuse or incorrect interpretation of the information provided by the aforementioned applications.<\/p>\n\n\n\n<p><strong>Health and Safety Statement<\/strong><\/p>\n\n\n\n<p>Be sure to follow all instructions provided by the app manufacturer and consult your doctor before making any adjustments to your treatment or diet based on the results obtained through the app.<\/p>\n\n\n\n<p><strong>Age limit<\/strong><\/p>\n\n\n\n<p>Some glucose monitoring apps may only be suitable for people over the age of 18. Please check the terms of use for each app.<\/p>\n\n\n\n<p><\/p>","protected":false},"excerpt":{"rendered":"<p>Este conte\u00fado \u00e9 apenas para fins informativos. N\u00e3o deve ser utilizado como substituto de aconselhamento m\u00e9dico profissional, diagn\u00f3stico ou tratamento. Consulte um m\u00e9dico ou outro profissional de sa\u00fade qualificado para qualquer d\u00favida sobre sua condi\u00e7\u00e3o de sa\u00fade ou sobre o uso de dispositivos ou aplicativos m\u00e9dicos. Limita\u00e7\u00e3o de Responsabilidade Os resultados fornecidos pelos aplicativos de [&hellip;]<\/p>\n","protected":false},"author":1,"featured_media":0,"parent":0,"menu_order":0,"comment_status":"closed","ping_status":"closed","template":"","meta":{"footnotes":""},"class_list":["post-456","page","type-page","status-publish"],"_links":{"self":[{"href":"https:\/\/klatix.com\/en_ca\/wp-json\/wp\/v2\/pages\/456","targetHints":{"allow":["GET"]}}],"collection":[{"href":"https:\/\/klatix.com\/en_ca\/wp-json\/wp\/v2\/pages"}],"about":[{"href":"https:\/\/klatix.com\/en_ca\/wp-json\/wp\/v2\/types\/page"}],"author":[{"embeddable":true,"href":"https:\/\/klatix.com\/en_ca\/wp-json\/wp\/v2\/users\/1"}],"replies":[{"embeddable":true,"href":"https:\/\/klatix.com\/en_ca\/wp-json\/wp\/v2\/comments?post=456"}],"version-history":[{"count":1,"href":"https:\/\/klatix.com\/en_ca\/wp-json\/wp\/v2\/pages\/456\/revisions"}],"predecessor-version":[{"id":457,"href":"https:\/\/klatix.com\/en_ca\/wp-json\/wp\/v2\/pages\/456\/revisions\/457"}],"wp:attachment":[{"href":"https:\/\/klatix.com\/en_ca\/wp-json\/wp\/v2\/media?parent=456"}],"curies":[{"name":"wp","href":"https:\/\/api.w.org\/{rel}","templated":true}]}}