{"id":74,"date":"2024-05-31T15:12:31","date_gmt":"2024-05-31T15:12:31","guid":{"rendered":"https:\/\/klatix.com\/?page_id=74"},"modified":"2024-08-03T01:28:07","modified_gmt":"2024-08-03T01:28:07","slug":"datenschutzrichtlinien","status":"publish","type":"page","link":"https:\/\/klatix.com\/de\/politicas-de-privacidade\/","title":{"rendered":"Datenschutzrichtlinien"},"content":{"rendered":"<h1 class=\"wp-block-heading\"><\/h1>\n\n\n\n<p>Willkommen zu\u00a0<strong>Klatix<\/strong>. Diese Datenschutzrichtlinie beschreibt, wie wir Informationen \u00fcber Sie sammeln, verwenden und weitergeben, wenn Sie auf unsere Website zugreifen oder diese nutzen.<\/p>\n\n\n\n<ol class=\"wp-block-list\">\n<li>Von uns erfasste personenbezogene Daten: Wir erfassen personenbezogene Daten, die Sie freiwillig angeben, wie z. B. Ihren Namen, Ihre E-Mail-Adresse und andere Kontaktinformationen, wenn Sie sich f\u00fcr Updates anmelden oder mit uns kommunizieren. Nutzungsdaten: Wir erfassen automatisch Informationen dar\u00fcber, wie Sie auf die Website zugreifen und diese nutzen, einschlie\u00dflich Ger\u00e4tetyp, Webbrowser, besuchte Seiten, Klicks, Nutzungsmuster und andere Nutzungsinformationen. Cookies und Tracking-Technologien: Wir verwenden Cookies und Tracking-Technologien, um Ihr Erlebnis zu personalisieren und Daten \u00fcber Ihre Interaktion mit der Website und den angezeigten Werbeanzeigen zu sammeln.<\/li>\n\n\n\n<li>Verwendung von Informationen Wir verwenden Ihre Informationen, um:<\/li>\n<\/ol>\n\n\n\n<p>Bereitstellung, Pflege und Verbesserung unserer Website und Dienste. Kommunizieren Sie mit Ihnen, antworten Sie auf Ihre Fragen und W\u00fcnsche. Zeigen Sie personalisierte Anzeigen an und f\u00fchren Sie eine Datenanalyse durch.<\/p>\n\n\n\n<ol start=\"3\" class=\"wp-block-list\">\n<li>Informationsweitergabe Wir k\u00f6nnen Ihre Daten unter folgenden Umst\u00e4nden an Dritte weitergeben:<\/li>\n<\/ol>\n\n\n\n<p>Dienstanbieter: Wir geben Informationen an Anbieter weiter, die uns beim Betrieb der Website unterst\u00fctzen, z. B. Webhosting und Datenanalyse. Google Ad Exchange: Wie erforderlich, um Anzeigen \u00fcber Google Ad Exchange bereitzustellen. Einhaltung gesetzlicher Vorschriften: Wenn dies zur Einhaltung des Gesetzes oder zur Reaktion auf rechtliche Verfahren erforderlich ist.<\/p>\n\n\n\n<ol start=\"4\" class=\"wp-block-list\">\n<li>Google AdSense Bitte beachten Sie, dass Google als Drittanbieter gem\u00e4\u00df den Google AdSense-Bedingungen Cookies verwendet, um Anzeigen auf unserer Website zu schalten. Die Verwendung des DART-Cookies durch Google erm\u00f6glicht die Schaltung von Anzeigen f\u00fcr unsere Nutzer auf der Grundlage fr\u00fcherer Besuche auf unserer Website und anderen Websites im Internet. Benutzer k\u00f6nnen die Verwendung des DART-Cookies deaktivieren, indem sie die Datenschutzrichtlinie f\u00fcr das Werbe- und Content-Netzwerk von Google besuchen.<\/li>\n\n\n\n<li>\u00c4nderungen der Datenschutzrichtlinie Wir k\u00f6nnen unsere Datenschutzrichtlinie von Zeit zu Zeit aktualisieren. Wir werden Sie \u00fcber alle \u00c4nderungen informieren, indem wir die neue Datenschutzrichtlinie auf dieser Seite ver\u00f6ffentlichen.<\/li>\n\n\n\n<li>Kontakt Wenn Sie Fragen zu dieser Datenschutzrichtlinie haben, kontaktieren Sie uns bitte.<\/li>\n<\/ol>","protected":false},"excerpt":{"rendered":"<p>Bem-vindo ao\u00a0Klatix. Esta pol\u00edtica de privacidade descreve como coletamos, usamos e compartilhamos informa\u00e7\u00f5es sobre voc\u00ea quando acessa ou usa nosso site. Fornecer, manter e melhorar nosso site e servi\u00e7os. Comunicar-nos com voc\u00ea, responder suas perguntas e solicita\u00e7\u00f5es. Exibir an\u00fancios personalizados e realizar an\u00e1lises de dados. Fornecedores de Servi\u00e7os: Compartilhamos informa\u00e7\u00f5es com fornecedores que nos ajudam [&hellip;]<\/p>\n","protected":false},"author":1,"featured_media":0,"parent":0,"menu_order":0,"comment_status":"closed","ping_status":"closed","template":"","meta":{"footnotes":""},"class_list":["post-74","page","type-page","status-publish"],"_links":{"self":[{"href":"https:\/\/klatix.com\/de\/wp-json\/wp\/v2\/pages\/74","targetHints":{"allow":["GET"]}}],"collection":[{"href":"https:\/\/klatix.com\/de\/wp-json\/wp\/v2\/pages"}],"about":[{"href":"https:\/\/klatix.com\/de\/wp-json\/wp\/v2\/types\/page"}],"author":[{"embeddable":true,"href":"https:\/\/klatix.com\/de\/wp-json\/wp\/v2\/users\/1"}],"replies":[{"embeddable":true,"href":"https:\/\/klatix.com\/de\/wp-json\/wp\/v2\/comments?post=74"}],"version-history":[{"count":3,"href":"https:\/\/klatix.com\/de\/wp-json\/wp\/v2\/pages\/74\/revisions"}],"predecessor-version":[{"id":304,"href":"https:\/\/klatix.com\/de\/wp-json\/wp\/v2\/pages\/74\/revisions\/304"}],"wp:attachment":[{"href":"https:\/\/klatix.com\/de\/wp-json\/wp\/v2\/media?parent=74"}],"curies":[{"name":"wp","href":"https:\/\/api.w.org\/{rel}","templated":true}]}}