{"id":480,"date":"2024-10-24T06:04:51","date_gmt":"2024-10-24T06:04:51","guid":{"rendered":"https:\/\/klatix.com\/?page_id=480"},"modified":"2024-10-24T06:04:52","modified_gmt":"2024-10-24T06:04:52","slug":"rechtlicher-hinweis","status":"publish","type":"page","link":"https:\/\/klatix.com\/de\/aviso-legal\/","title":{"rendered":"Rechtlicher Hinweis"},"content":{"rendered":"<p>Der auf der Website verf\u00fcgbare Inhalt <strong>Klatix<\/strong> (<a href=\"https:\/\/klatix.com\/de\/\">www.klatix.com<\/a>) ist informativer und lehrreicher Natur und sollte nicht als Ersatz f\u00fcr professionelle Beratung verwendet werden. Durch den Zugriff auf oder die Nutzung unserer Website stimmen Sie den nachstehenden Bedingungen zu.<\/p>\n\n\n\n<h3 class=\"wp-block-heading\">1. <strong>Haftungsausschluss<\/strong><\/h3>\n\n\n\n<p>DER <strong>Klatix<\/strong> ist bestrebt, genaue und aktuelle Informationen bereitzustellen, \u00fcbernimmt jedoch keine Gew\u00e4hr f\u00fcr die Fehlerfreiheit oder Vollst\u00e4ndigkeit der Inhalte. Die Nutzung der auf der Website enthaltenen Informationen erfolgt auf Ihr eigenes Risiko. Wir haften nicht f\u00fcr Sch\u00e4den oder Verluste, die durch die Nutzung oder Interpretation der bereitgestellten Informationen entstehen.<\/p>\n\n\n\n<h3 class=\"wp-block-heading\">2. <strong>Geistiges Eigentum<\/strong><\/h3>\n\n\n\n<p>Alle Inhalte vorhanden in <strong>Klatix<\/strong>, einschlie\u00dflich Texte, Bilder, Grafiken, Logos und andere Materialien, ist urheberrechtlich gesch\u00fctzt und geh\u00f6rt der Website oder ihren Lizenzgebern. Der Missbrauch dieser Inhalte ohne vorherige schriftliche Genehmigung ist strengstens untersagt.<\/p>\n\n\n\n<h3 class=\"wp-block-heading\">3. <strong>Externe Links<\/strong><\/h3>\n\n\n\n<p>Unsere Website kann Links zu Websites Dritter enthalten. DER <strong>Klatix<\/strong> ist nicht verantwortlich f\u00fcr den Inhalt oder die Datenschutzrichtlinien dieser Websites. Wir empfehlen Ihnen, beim Zugriff auf externe Websites die Bedingungen und Richtlinien der jeweiligen Website zu lesen.<\/p>\n\n\n\n<h3 class=\"wp-block-heading\">4. <strong>Inhaltliche \u00c4nderungen<\/strong><\/h3>\n\n\n\n<p>DER <strong>Klatix<\/strong> beh\u00e4lt sich das Recht vor, den Inhalt der Website ohne vorherige Ank\u00fcndigung zu \u00e4ndern, zu l\u00f6schen oder Informationen hinzuzuf\u00fcgen. Wir empfehlen Benutzern, diesen Hinweis regelm\u00e4\u00dfig erneut zu lesen, um \u00fcber etwaige Aktualisierungen informiert zu sein.<\/p>\n\n\n\n<h3 class=\"wp-block-heading\">5. <strong>Missbrauch<\/strong><\/h3>\n\n\n\n<p>Jegliche versuchte Manipulation, Sicherheitsverletzung oder Missbrauch der Website <strong>Klatix<\/strong> werden in \u00dcbereinstimmung mit den geltenden Gesetzen behandelt, was zu zivil- oder strafrechtlichen Sanktionen f\u00fchren kann.<\/p>\n\n\n\n<h3 class=\"wp-block-heading\">6. <strong>Kontaktieren Sie uns<\/strong><\/h3>\n\n\n\n<p>Wenn Sie Fragen oder Bedenken zu diesem rechtlichen Hinweis haben, kontaktieren Sie uns bitte per E-Mail: <a>suporte@klatix.com<\/a>.<\/p>\n\n\n\n<p>Dieser rechtliche Hinweis wurde zuletzt am 23.10.2024 aktualisiert. Durch die weitere Nutzung der Website stimmen Sie den oben genannten Bedingungen zu.<\/p>","protected":false},"excerpt":{"rendered":"<p>O conte\u00fado disponibilizado no site Klatix (www.klatix.com) \u00e9 de car\u00e1ter informativo e educativo, n\u00e3o devendo ser utilizado como substituto para aconselhamento profissional. Ao acessar ou utilizar nosso site, voc\u00ea concorda com os termos abaixo. 1. Isen\u00e7\u00e3o de Responsabilidade A Klatix se esfor\u00e7a para fornecer informa\u00e7\u00f5es precisas e atualizadas, mas n\u00e3o garante que os conte\u00fados sejam [&hellip;]<\/p>\n","protected":false},"author":1,"featured_media":0,"parent":0,"menu_order":0,"comment_status":"closed","ping_status":"closed","template":"","meta":{"footnotes":""},"class_list":["post-480","page","type-page","status-publish"],"_links":{"self":[{"href":"https:\/\/klatix.com\/de\/wp-json\/wp\/v2\/pages\/480","targetHints":{"allow":["GET"]}}],"collection":[{"href":"https:\/\/klatix.com\/de\/wp-json\/wp\/v2\/pages"}],"about":[{"href":"https:\/\/klatix.com\/de\/wp-json\/wp\/v2\/types\/page"}],"author":[{"embeddable":true,"href":"https:\/\/klatix.com\/de\/wp-json\/wp\/v2\/users\/1"}],"replies":[{"embeddable":true,"href":"https:\/\/klatix.com\/de\/wp-json\/wp\/v2\/comments?post=480"}],"version-history":[{"count":1,"href":"https:\/\/klatix.com\/de\/wp-json\/wp\/v2\/pages\/480\/revisions"}],"predecessor-version":[{"id":481,"href":"https:\/\/klatix.com\/de\/wp-json\/wp\/v2\/pages\/480\/revisions\/481"}],"wp:attachment":[{"href":"https:\/\/klatix.com\/de\/wp-json\/wp\/v2\/media?parent=480"}],"curies":[{"name":"wp","href":"https:\/\/api.w.org\/{rel}","templated":true}]}}