{"id":456,"date":"2024-10-21T04:56:27","date_gmt":"2024-10-21T04:56:27","guid":{"rendered":"https:\/\/klatix.com\/?page_id=456"},"modified":"2024-10-21T04:56:28","modified_gmt":"2024-10-21T04:56:28","slug":"medizinischer-haftungsausschluss","status":"publish","type":"page","link":"https:\/\/klatix.com\/de\/declaracao-de-isencao-de-responsabilidade-medica\/","title":{"rendered":"Medizinischer Haftungsausschluss"},"content":{"rendered":"<p>Dieser Inhalt dient ausschlie\u00dflich Informationszwecken. Es sollte nicht als Ersatz f\u00fcr professionelle medizinische Beratung, Diagnose oder Behandlung verwendet werden. Wenden Sie sich bei Fragen zu Ihrem Gesundheitszustand oder zur Verwendung medizinischer Ger\u00e4te oder Anwendungen an einen Arzt oder eine andere qualifizierte medizinische Fachkraft.<\/p>\n\n\n\n<p><strong>Haftungsbeschr\u00e4nkung<\/strong><\/p>\n\n\n\n<p>Die von Apps zur Glukose\u00fcberwachung bereitgestellten Ergebnisse k\u00f6nnen variieren. Das Unternehmen haftet nicht f\u00fcr Sch\u00e4den oder Konsequenzen, die durch Missbrauch oder falsche Interpretation der in den genannten Anwendungen bereitgestellten Informationen entstehen.<\/p>\n\n\n\n<p><strong>Gesundheits- und Sicherheitserkl\u00e4rung<\/strong><\/p>\n\n\n\n<p>Befolgen Sie unbedingt alle Anweisungen des App-Herstellers und konsultieren Sie Ihren Arzt, bevor Sie Ihre Behandlung oder Ern\u00e4hrung auf der Grundlage der \u00fcber die App erzielten Ergebnisse anpassen.<\/p>\n\n\n\n<p><strong>Altersgrenze<\/strong><\/p>\n\n\n\n<p>Einige Apps zur Glukose\u00fcberwachung sind m\u00f6glicherweise nur f\u00fcr Personen \u00fcber 18 Jahren geeignet. \u00dcberpr\u00fcfen Sie die Nutzungsbedingungen f\u00fcr jede Anwendung.<\/p>\n\n\n\n<p><\/p>","protected":false},"excerpt":{"rendered":"<p>Este conte\u00fado \u00e9 apenas para fins informativos. N\u00e3o deve ser utilizado como substituto de aconselhamento m\u00e9dico profissional, diagn\u00f3stico ou tratamento. Consulte um m\u00e9dico ou outro profissional de sa\u00fade qualificado para qualquer d\u00favida sobre sua condi\u00e7\u00e3o de sa\u00fade ou sobre o uso de dispositivos ou aplicativos m\u00e9dicos. Limita\u00e7\u00e3o de Responsabilidade Os resultados fornecidos pelos aplicativos de [&hellip;]<\/p>\n","protected":false},"author":1,"featured_media":0,"parent":0,"menu_order":0,"comment_status":"closed","ping_status":"closed","template":"","meta":{"footnotes":""},"class_list":["post-456","page","type-page","status-publish"],"_links":{"self":[{"href":"https:\/\/klatix.com\/de\/wp-json\/wp\/v2\/pages\/456","targetHints":{"allow":["GET"]}}],"collection":[{"href":"https:\/\/klatix.com\/de\/wp-json\/wp\/v2\/pages"}],"about":[{"href":"https:\/\/klatix.com\/de\/wp-json\/wp\/v2\/types\/page"}],"author":[{"embeddable":true,"href":"https:\/\/klatix.com\/de\/wp-json\/wp\/v2\/users\/1"}],"replies":[{"embeddable":true,"href":"https:\/\/klatix.com\/de\/wp-json\/wp\/v2\/comments?post=456"}],"version-history":[{"count":1,"href":"https:\/\/klatix.com\/de\/wp-json\/wp\/v2\/pages\/456\/revisions"}],"predecessor-version":[{"id":457,"href":"https:\/\/klatix.com\/de\/wp-json\/wp\/v2\/pages\/456\/revisions\/457"}],"wp:attachment":[{"href":"https:\/\/klatix.com\/de\/wp-json\/wp\/v2\/media?parent=456"}],"curies":[{"name":"wp","href":"https:\/\/api.w.org\/{rel}","templated":true}]}}