{"id":456,"date":"2024-10-21T04:56:27","date_gmt":"2024-10-21T04:56:27","guid":{"rendered":"https:\/\/klatix.com\/?page_id=456"},"modified":"2024-10-21T04:56:28","modified_gmt":"2024-10-21T04:56:28","slug":"lekarske-zreknuti-se-odpovednosti","status":"publish","type":"page","link":"https:\/\/klatix.com\/cs\/declaracao-de-isencao-de-responsabilidade-medica\/","title":{"rendered":"L\u00e9ka\u0159sk\u00e9 vylou\u010den\u00ed odpov\u011bdnosti"},"content":{"rendered":"<p>Tento obsah slou\u017e\u00ed pouze pro informa\u010dn\u00ed \u00fa\u010dely. Nem\u011bl by b\u00fdt pou\u017e\u00edv\u00e1n jako n\u00e1hrada za odbornou l\u00e9ka\u0159skou pomoc, diagnostiku nebo l\u00e9\u010dbu. Pora\u010fte se s l\u00e9ka\u0159em nebo jin\u00fdm kvalifikovan\u00fdm zdravotnick\u00fdm pracovn\u00edkem s jak\u00fdmikoli dotazy t\u00fdkaj\u00edc\u00edmi se va\u0161eho zdravotn\u00edho stavu nebo pou\u017e\u00edv\u00e1n\u00ed zdravotnick\u00fdch prost\u0159edk\u016f nebo aplikac\u00ed.<\/p>\n\n\n\n<p><strong>Omezen\u00ed odpov\u011bdnosti<\/strong><\/p>\n\n\n\n<p>V\u00fdsledky poskytovan\u00e9 aplikacemi pro monitorov\u00e1n\u00ed gluk\u00f3zy se mohou li\u0161it. Spole\u010dnost neodpov\u00edd\u00e1 za \u017e\u00e1dn\u00e9 \u0161kody nebo n\u00e1sledky vypl\u00fdvaj\u00edc\u00ed ze zneu\u017eit\u00ed nebo nespr\u00e1vn\u00e9 interpretace informac\u00ed poskytovan\u00fdch zm\u00edn\u011bn\u00fdmi aplikacemi.<\/p>\n\n\n\n<p><strong>Prohl\u00e1\u0161en\u00ed o ochran\u011b zdrav\u00ed a bezpe\u010dnosti<\/strong><\/p>\n\n\n\n<p>Ujist\u011bte se, \u017ee dodr\u017eujete v\u0161echny pokyny poskytnut\u00e9 v\u00fdrobcem aplikace a pora\u010fte se se sv\u00fdm l\u00e9ka\u0159em, ne\u017e provedete jak\u00e9koli \u00fapravy va\u0161\u00ed l\u00e9\u010dby nebo stravy na z\u00e1klad\u011b v\u00fdsledk\u016f z\u00edskan\u00fdch prost\u0159ednictv\u00edm aplikace.<\/p>\n\n\n\n<p><strong>V\u011bkov\u00e1 hranice<\/strong><\/p>\n\n\n\n<p>N\u011bkter\u00e9 aplikace pro monitorov\u00e1n\u00ed gluk\u00f3zy mohou b\u00fdt vhodn\u00e9 pouze pro osoby star\u0161\u00ed 18 let. Zkontrolujte podm\u00ednky pou\u017eit\u00ed pro ka\u017edou aplikaci.<\/p>\n\n\n\n<p><\/p>","protected":false},"excerpt":{"rendered":"<p>Este conte\u00fado \u00e9 apenas para fins informativos. N\u00e3o deve ser utilizado como substituto de aconselhamento m\u00e9dico profissional, diagn\u00f3stico ou tratamento. Consulte um m\u00e9dico ou outro profissional de sa\u00fade qualificado para qualquer d\u00favida sobre sua condi\u00e7\u00e3o de sa\u00fade ou sobre o uso de dispositivos ou aplicativos m\u00e9dicos. Limita\u00e7\u00e3o de Responsabilidade Os resultados fornecidos pelos aplicativos de [&hellip;]<\/p>\n","protected":false},"author":1,"featured_media":0,"parent":0,"menu_order":0,"comment_status":"closed","ping_status":"closed","template":"","meta":{"footnotes":""},"class_list":["post-456","page","type-page","status-publish"],"_links":{"self":[{"href":"https:\/\/klatix.com\/cs\/wp-json\/wp\/v2\/pages\/456","targetHints":{"allow":["GET"]}}],"collection":[{"href":"https:\/\/klatix.com\/cs\/wp-json\/wp\/v2\/pages"}],"about":[{"href":"https:\/\/klatix.com\/cs\/wp-json\/wp\/v2\/types\/page"}],"author":[{"embeddable":true,"href":"https:\/\/klatix.com\/cs\/wp-json\/wp\/v2\/users\/1"}],"replies":[{"embeddable":true,"href":"https:\/\/klatix.com\/cs\/wp-json\/wp\/v2\/comments?post=456"}],"version-history":[{"count":1,"href":"https:\/\/klatix.com\/cs\/wp-json\/wp\/v2\/pages\/456\/revisions"}],"predecessor-version":[{"id":457,"href":"https:\/\/klatix.com\/cs\/wp-json\/wp\/v2\/pages\/456\/revisions\/457"}],"wp:attachment":[{"href":"https:\/\/klatix.com\/cs\/wp-json\/wp\/v2\/media?parent=456"}],"curies":[{"name":"wp","href":"https:\/\/api.w.org\/{rel}","templated":true}]}}